{"id":475,"date":"2024-02-19T09:57:17","date_gmt":"2024-02-19T14:57:17","guid":{"rendered":"https:\/\/logis.em2.dev\/soutien-technique\/"},"modified":"2024-03-05T09:43:15","modified_gmt":"2024-03-05T14:43:15","slug":"support","status":"publish","type":"page","link":"https:\/\/test.logis.ca\/en\/support\/","title":{"rendered":"Support"},"content":{"rendered":"","protected":false},"excerpt":{"rendered":"","protected":false},"author":2,"featured_media":0,"parent":0,"menu_order":0,"comment_status":"closed","ping_status":"closed","template":"templates\/form.php","meta":{"_acf_changed":false,"inline_featured_image":false,"footnotes":""},"class_list":["post-475","page","type-page","status-publish","hentry"],"acf":[],"yoast_head":"<!-- This site is optimized with the Yoast SEO plugin v25.0 - https:\/\/yoast.com\/wordpress\/plugins\/seo\/ -->\r\n<title>Support - Logiciel CaseWare, Logiciel Comptable - Logis<\/title>\r\n<meta name=\"description\" content=\"N&#039;h\u00e9sitez pas \u00e0 contacter notre \u00e9quipe d&#039;experts \u00e0 votre service!\" \/>\r\n<meta name=\"robots\" content=\"noindex, follow, max-snippet:-1, max-image-preview:large, max-video-preview:-1\" \/>\r\n<meta property=\"og:locale\" content=\"en_US\" \/>\r\n<meta property=\"og:type\" content=\"article\" \/>\r\n<meta property=\"og:title\" content=\"Support - Logiciel CaseWare, Logiciel Comptable - Logis\" \/>\r\n<meta property=\"og:description\" content=\"N&#039;h\u00e9sitez pas \u00e0 contacter notre \u00e9quipe d&#039;experts \u00e0 votre service!\" \/>\r\n<meta property=\"og:url\" content=\"https:\/\/test.logis.ca\/en\/support\/\" \/>\r\n<meta property=\"og:site_name\" content=\"Logiciel CaseWare, Logiciel Comptable - Logis\" \/>\r\n<meta property=\"article:modified_time\" content=\"2024-03-05T14:43:15+00:00\" \/>\r\n<meta name=\"twitter:card\" content=\"summary_large_image\" \/>\r\n<script type=\"application\/ld+json\" class=\"yoast-schema-graph\">{\"@context\":\"https:\/\/schema.org\",\"@graph\":[{\"@type\":\"WebPage\",\"@id\":\"https:\/\/test.logis.ca\/en\/support\/\",\"url\":\"https:\/\/test.logis.ca\/en\/support\/\",\"name\":\"Support - Logiciel CaseWare, Logiciel Comptable - Logis\",\"isPartOf\":{\"@id\":\"https:\/\/test.logis.ca\/en\/#website\"},\"datePublished\":\"2024-02-19T14:57:17+00:00\",\"dateModified\":\"2024-03-05T14:43:15+00:00\",\"description\":\"N'h\u00e9sitez pas \u00e0 contacter notre \u00e9quipe d'experts \u00e0 votre service!\",\"breadcrumb\":{\"@id\":\"https:\/\/test.logis.ca\/en\/support\/#breadcrumb\"},\"inLanguage\":\"en-US\",\"potentialAction\":[{\"@type\":\"ReadAction\",\"target\":[\"https:\/\/test.logis.ca\/en\/support\/\"]}]},{\"@type\":\"BreadcrumbList\",\"@id\":\"https:\/\/test.logis.ca\/en\/support\/#breadcrumb\",\"itemListElement\":[{\"@type\":\"ListItem\",\"position\":1,\"name\":\"Accueil\",\"item\":\"https:\/\/test.logis.ca\/en\/\"},{\"@type\":\"ListItem\",\"position\":2,\"name\":\"Support\"}]},{\"@type\":\"WebSite\",\"@id\":\"https:\/\/test.logis.ca\/en\/#website\",\"url\":\"https:\/\/test.logis.ca\/en\/\",\"name\":\"Logiciel CaseWare, Logiciel Comptable - Logis\",\"description\":\"\",\"potentialAction\":[{\"@type\":\"SearchAction\",\"target\":{\"@type\":\"EntryPoint\",\"urlTemplate\":\"https:\/\/test.logis.ca\/en\/?s={search_term_string}\"},\"query-input\":{\"@type\":\"PropertyValueSpecification\",\"valueRequired\":true,\"valueName\":\"search_term_string\"}}],\"inLanguage\":\"en-US\"}]}<\/script>\r\n<!-- \/ Yoast SEO plugin. -->","yoast_head_json":{"title":"Support - Logiciel CaseWare, Logiciel Comptable - Logis","description":"N'h\u00e9sitez pas \u00e0 contacter notre \u00e9quipe d'experts \u00e0 votre service!","robots":{"index":"noindex","follow":"follow","max-snippet":"max-snippet:-1","max-image-preview":"max-image-preview:large","max-video-preview":"max-video-preview:-1"},"og_locale":"en_US","og_type":"article","og_title":"Support - Logiciel CaseWare, Logiciel Comptable - Logis","og_description":"N'h\u00e9sitez pas \u00e0 contacter notre \u00e9quipe d'experts \u00e0 votre service!","og_url":"https:\/\/test.logis.ca\/en\/support\/","og_site_name":"Logiciel CaseWare, Logiciel Comptable - Logis","article_modified_time":"2024-03-05T14:43:15+00:00","twitter_card":"summary_large_image","schema":{"@context":"https:\/\/schema.org","@graph":[{"@type":"WebPage","@id":"https:\/\/test.logis.ca\/en\/support\/","url":"https:\/\/test.logis.ca\/en\/support\/","name":"Support - Logiciel CaseWare, Logiciel Comptable - Logis","isPartOf":{"@id":"https:\/\/test.logis.ca\/en\/#website"},"datePublished":"2024-02-19T14:57:17+00:00","dateModified":"2024-03-05T14:43:15+00:00","description":"N'h\u00e9sitez pas \u00e0 contacter notre \u00e9quipe d'experts \u00e0 votre service!","breadcrumb":{"@id":"https:\/\/test.logis.ca\/en\/support\/#breadcrumb"},"inLanguage":"en-US","potentialAction":[{"@type":"ReadAction","target":["https:\/\/test.logis.ca\/en\/support\/"]}]},{"@type":"BreadcrumbList","@id":"https:\/\/test.logis.ca\/en\/support\/#breadcrumb","itemListElement":[{"@type":"ListItem","position":1,"name":"Accueil","item":"https:\/\/test.logis.ca\/en\/"},{"@type":"ListItem","position":2,"name":"Support"}]},{"@type":"WebSite","@id":"https:\/\/test.logis.ca\/en\/#website","url":"https:\/\/test.logis.ca\/en\/","name":"Logiciel CaseWare, Logiciel Comptable - Logis","description":"","potentialAction":[{"@type":"SearchAction","target":{"@type":"EntryPoint","urlTemplate":"https:\/\/test.logis.ca\/en\/?s={search_term_string}"},"query-input":{"@type":"PropertyValueSpecification","valueRequired":true,"valueName":"search_term_string"}}],"inLanguage":"en-US"}]}},"_links":{"self":[{"href":"https:\/\/test.logis.ca\/en\/wp-json\/wp\/v2\/pages\/475","targetHints":{"allow":["GET"]}}],"collection":[{"href":"https:\/\/test.logis.ca\/en\/wp-json\/wp\/v2\/pages"}],"about":[{"href":"https:\/\/test.logis.ca\/en\/wp-json\/wp\/v2\/types\/page"}],"author":[{"embeddable":true,"href":"https:\/\/test.logis.ca\/en\/wp-json\/wp\/v2\/users\/2"}],"replies":[{"embeddable":true,"href":"https:\/\/test.logis.ca\/en\/wp-json\/wp\/v2\/comments?post=475"}],"version-history":[{"count":4,"href":"https:\/\/test.logis.ca\/en\/wp-json\/wp\/v2\/pages\/475\/revisions"}],"predecessor-version":[{"id":3540,"href":"https:\/\/test.logis.ca\/en\/wp-json\/wp\/v2\/pages\/475\/revisions\/3540"}],"wp:attachment":[{"href":"https:\/\/test.logis.ca\/en\/wp-json\/wp\/v2\/media?parent=475"}],"curies":[{"name":"wp","href":"https:\/\/api.w.org\/{rel}","templated":true}]}}