{"id":470,"date":"2024-02-19T09:54:40","date_gmt":"2024-02-19T14:54:40","guid":{"rendered":"https:\/\/logis.em2.dev\/nous-joindre\/"},"modified":"2024-03-05T09:18:13","modified_gmt":"2024-03-05T14:18:13","slug":"contact-us","status":"publish","type":"page","link":"https:\/\/test.logis.ca\/en\/contact-us\/","title":{"rendered":"Contact us"},"content":{"rendered":"","protected":false},"excerpt":{"rendered":"","protected":false},"author":2,"featured_media":0,"parent":0,"menu_order":0,"comment_status":"closed","ping_status":"closed","template":"templates\/contact.php","meta":{"_acf_changed":false,"inline_featured_image":false,"footnotes":""},"class_list":["post-470","page","type-page","status-publish","hentry"],"acf":[],"yoast_head":"<!-- This site is optimized with the Yoast SEO plugin v25.0 - https:\/\/yoast.com\/wordpress\/plugins\/seo\/ -->\r\n<title>Contact us - Logiciel CaseWare, Logiciel Comptable - Logis<\/title>\r\n<meta name=\"description\" content=\"N\u2019h\u00e9sitez pas \u00e0 nous contacter pour nos formations, nos services de consultation ou pour planifier une d\u00e9monstration de nos produits.\" \/>\r\n<meta name=\"robots\" content=\"noindex, follow, max-snippet:-1, max-image-preview:large, max-video-preview:-1\" \/>\r\n<meta property=\"og:locale\" content=\"en_US\" \/>\r\n<meta property=\"og:type\" content=\"article\" \/>\r\n<meta property=\"og:title\" content=\"Contact us - Logiciel CaseWare, Logiciel Comptable - Logis\" \/>\r\n<meta property=\"og:description\" content=\"N\u2019h\u00e9sitez pas \u00e0 nous contacter pour nos formations, nos services de consultation ou pour planifier une d\u00e9monstration de nos produits.\" \/>\r\n<meta property=\"og:url\" content=\"https:\/\/test.logis.ca\/en\/contact-us\/\" \/>\r\n<meta property=\"og:site_name\" content=\"Logiciel CaseWare, Logiciel Comptable - Logis\" \/>\r\n<meta property=\"article:modified_time\" content=\"2024-03-05T14:18:13+00:00\" \/>\r\n<meta name=\"twitter:card\" content=\"summary_large_image\" \/>\r\n<script type=\"application\/ld+json\" class=\"yoast-schema-graph\">{\"@context\":\"https:\/\/schema.org\",\"@graph\":[{\"@type\":\"WebPage\",\"@id\":\"https:\/\/test.logis.ca\/en\/contact-us\/\",\"url\":\"https:\/\/test.logis.ca\/en\/contact-us\/\",\"name\":\"Contact us - Logiciel CaseWare, Logiciel Comptable - Logis\",\"isPartOf\":{\"@id\":\"https:\/\/test.logis.ca\/en\/#website\"},\"datePublished\":\"2024-02-19T14:54:40+00:00\",\"dateModified\":\"2024-03-05T14:18:13+00:00\",\"description\":\"N\u2019h\u00e9sitez pas \u00e0 nous contacter pour nos formations, nos services de consultation ou pour planifier une d\u00e9monstration de nos produits.\",\"breadcrumb\":{\"@id\":\"https:\/\/test.logis.ca\/en\/contact-us\/#breadcrumb\"},\"inLanguage\":\"en-US\",\"potentialAction\":[{\"@type\":\"ReadAction\",\"target\":[\"https:\/\/test.logis.ca\/en\/contact-us\/\"]}]},{\"@type\":\"BreadcrumbList\",\"@id\":\"https:\/\/test.logis.ca\/en\/contact-us\/#breadcrumb\",\"itemListElement\":[{\"@type\":\"ListItem\",\"position\":1,\"name\":\"Accueil\",\"item\":\"https:\/\/test.logis.ca\/en\/\"},{\"@type\":\"ListItem\",\"position\":2,\"name\":\"Contact us\"}]},{\"@type\":\"WebSite\",\"@id\":\"https:\/\/test.logis.ca\/en\/#website\",\"url\":\"https:\/\/test.logis.ca\/en\/\",\"name\":\"Logiciel CaseWare, Logiciel Comptable - Logis\",\"description\":\"\",\"potentialAction\":[{\"@type\":\"SearchAction\",\"target\":{\"@type\":\"EntryPoint\",\"urlTemplate\":\"https:\/\/test.logis.ca\/en\/?s={search_term_string}\"},\"query-input\":{\"@type\":\"PropertyValueSpecification\",\"valueRequired\":true,\"valueName\":\"search_term_string\"}}],\"inLanguage\":\"en-US\"}]}<\/script>\r\n<!-- \/ Yoast SEO plugin. -->","yoast_head_json":{"title":"Contact us - Logiciel CaseWare, Logiciel Comptable - Logis","description":"N\u2019h\u00e9sitez pas \u00e0 nous contacter pour nos formations, nos services de consultation ou pour planifier une d\u00e9monstration de nos produits.","robots":{"index":"noindex","follow":"follow","max-snippet":"max-snippet:-1","max-image-preview":"max-image-preview:large","max-video-preview":"max-video-preview:-1"},"og_locale":"en_US","og_type":"article","og_title":"Contact us - Logiciel CaseWare, Logiciel Comptable - Logis","og_description":"N\u2019h\u00e9sitez pas \u00e0 nous contacter pour nos formations, nos services de consultation ou pour planifier une d\u00e9monstration de nos produits.","og_url":"https:\/\/test.logis.ca\/en\/contact-us\/","og_site_name":"Logiciel CaseWare, Logiciel Comptable - Logis","article_modified_time":"2024-03-05T14:18:13+00:00","twitter_card":"summary_large_image","schema":{"@context":"https:\/\/schema.org","@graph":[{"@type":"WebPage","@id":"https:\/\/test.logis.ca\/en\/contact-us\/","url":"https:\/\/test.logis.ca\/en\/contact-us\/","name":"Contact us - Logiciel CaseWare, Logiciel Comptable - Logis","isPartOf":{"@id":"https:\/\/test.logis.ca\/en\/#website"},"datePublished":"2024-02-19T14:54:40+00:00","dateModified":"2024-03-05T14:18:13+00:00","description":"N\u2019h\u00e9sitez pas \u00e0 nous contacter pour nos formations, nos services de consultation ou pour planifier une d\u00e9monstration de nos produits.","breadcrumb":{"@id":"https:\/\/test.logis.ca\/en\/contact-us\/#breadcrumb"},"inLanguage":"en-US","potentialAction":[{"@type":"ReadAction","target":["https:\/\/test.logis.ca\/en\/contact-us\/"]}]},{"@type":"BreadcrumbList","@id":"https:\/\/test.logis.ca\/en\/contact-us\/#breadcrumb","itemListElement":[{"@type":"ListItem","position":1,"name":"Accueil","item":"https:\/\/test.logis.ca\/en\/"},{"@type":"ListItem","position":2,"name":"Contact us"}]},{"@type":"WebSite","@id":"https:\/\/test.logis.ca\/en\/#website","url":"https:\/\/test.logis.ca\/en\/","name":"Logiciel CaseWare, Logiciel Comptable - Logis","description":"","potentialAction":[{"@type":"SearchAction","target":{"@type":"EntryPoint","urlTemplate":"https:\/\/test.logis.ca\/en\/?s={search_term_string}"},"query-input":{"@type":"PropertyValueSpecification","valueRequired":true,"valueName":"search_term_string"}}],"inLanguage":"en-US"}]}},"_links":{"self":[{"href":"https:\/\/test.logis.ca\/en\/wp-json\/wp\/v2\/pages\/470","targetHints":{"allow":["GET"]}}],"collection":[{"href":"https:\/\/test.logis.ca\/en\/wp-json\/wp\/v2\/pages"}],"about":[{"href":"https:\/\/test.logis.ca\/en\/wp-json\/wp\/v2\/types\/page"}],"author":[{"embeddable":true,"href":"https:\/\/test.logis.ca\/en\/wp-json\/wp\/v2\/users\/2"}],"replies":[{"embeddable":true,"href":"https:\/\/test.logis.ca\/en\/wp-json\/wp\/v2\/comments?post=470"}],"version-history":[{"count":2,"href":"https:\/\/test.logis.ca\/en\/wp-json\/wp\/v2\/pages\/470\/revisions"}],"predecessor-version":[{"id":514,"href":"https:\/\/test.logis.ca\/en\/wp-json\/wp\/v2\/pages\/470\/revisions\/514"}],"wp:attachment":[{"href":"https:\/\/test.logis.ca\/en\/wp-json\/wp\/v2\/media?parent=470"}],"curies":[{"name":"wp","href":"https:\/\/api.w.org\/{rel}","templated":true}]}}